{"id":4678,"date":"2022-10-21T14:34:26","date_gmt":"2022-10-21T12:34:26","guid":{"rendered":"https:\/\/montemayorturismo.es\/?page_id=4678"},"modified":"2022-12-29T19:03:27","modified_gmt":"2022-12-29T18:03:27","slug":"churches","status":"publish","type":"page","link":"https:\/\/montemayorturismo.es\/en\/what-to-see\/churches\/","title":{"rendered":"CHURCHES"},"content":{"rendered":"\t\t<div data-elementor-type=\"wp-page\" data-elementor-id=\"4678\" class=\"elementor elementor-4678\">\n\t\t\t\t\t\t\t\t\t<section class=\"elementor-section elementor-top-section elementor-element elementor-element-72cf3632 elementor-section-boxed elementor-section-height-default elementor-section-height-default\" data-id=\"72cf3632\" data-element_type=\"section\" data-settings=\"{&quot;background_background&quot;:&quot;classic&quot;}\">\n\t\t\t\t\t\t\t<div class=\"elementor-background-overlay\"><\/div>\n\t\t\t\t\t\t\t<div class=\"elementor-container elementor-column-gap-default\">\n\t\t\t\t\t<div class=\"elementor-column elementor-col-100 elementor-top-column elementor-element elementor-element-7def21c8\" data-id=\"7def21c8\" data-element_type=\"column\">\n\t\t\t<div class=\"elementor-widget-wrap elementor-element-populated\">\n\t\t\t\t\t\t\t\t<div class=\"elementor-element elementor-element-3bf48ab4 elementor-widget elementor-widget-heading\" data-id=\"3bf48ab4\" data-element_type=\"widget\" data-widget_type=\"heading.default\">\n\t\t\t\t<div class=\"elementor-widget-container\">\n\t\t\t<style>\/*! elementor - v3.6.6 - 08-06-2022 *\/\n.elementor-heading-title{padding:0;margin:0;line-height:1}.elementor-widget-heading .elementor-heading-title[class*=elementor-size-]>a{color:inherit;font-size:inherit;line-height:inherit}.elementor-widget-heading .elementor-heading-title.elementor-size-small{font-size:15px}.elementor-widget-heading .elementor-heading-title.elementor-size-medium{font-size:19px}.elementor-widget-heading .elementor-heading-title.elementor-size-large{font-size:29px}.elementor-widget-heading .elementor-heading-title.elementor-size-xl{font-size:39px}.elementor-widget-heading .elementor-heading-title.elementor-size-xxl{font-size:59px}<\/style><h1 class=\"elementor-heading-title elementor-size-default\">CHURCHES<\/h1>\t\t<\/div>\n\t\t\t\t<\/div>\n\t\t\t\t\t<\/div>\n\t\t<\/div>\n\t\t\t\t\t\t\t<\/div>\n\t\t<\/section>\n\t\t\t\t<section class=\"elementor-section elementor-top-section elementor-element elementor-element-6ef855c3 elementor-section-boxed elementor-section-height-default elementor-section-height-default\" data-id=\"6ef855c3\" data-element_type=\"section\">\n\t\t\t\t\t\t<div class=\"elementor-container elementor-column-gap-no\">\n\t\t\t\t\t<div class=\"elementor-column elementor-col-100 elementor-top-column elementor-element elementor-element-37145285\" data-id=\"37145285\" data-element_type=\"column\">\n\t\t\t<div class=\"elementor-widget-wrap elementor-element-populated\">\n\t\t\t\t\t\t\t\t<div class=\"elementor-element elementor-element-46688600 animated-slow elementor-invisible elementor-widget elementor-widget-jkit_heading\" data-id=\"46688600\" data-element_type=\"widget\" data-settings=\"{&quot;_animation&quot;:&quot;fadeInUp&quot;,&quot;_animation_delay&quot;:200}\" data-widget_type=\"jkit_heading.default\">\n\t\t\t\t<div class=\"elementor-widget-container\">\n\t\t\t<div  class=\"jeg-elementor-kit jkit-heading  align-center align-tablet-center align-mobile- jeg_module___69e5a92af2c93\" ><div class=\"heading-section-title \"><h2 class=\"heading-title\">Churches and Chapels in Montemayor (C\u00f3rdoba).<\/h2><\/div><\/div>\t\t<\/div>\n\t\t\t\t<\/div>\n\t\t\t\t<section class=\"elementor-section elementor-inner-section elementor-element elementor-element-5613f604 elementor-section-boxed elementor-section-height-default elementor-section-height-default\" data-id=\"5613f604\" data-element_type=\"section\">\n\t\t\t\t\t\t<div class=\"elementor-container elementor-column-gap-default\">\n\t\t\t\t\t<div class=\"elementor-column elementor-col-33 elementor-inner-column elementor-element elementor-element-2d7c6304\" data-id=\"2d7c6304\" data-element_type=\"column\">\n\t\t\t<div class=\"elementor-widget-wrap\">\n\t\t\t\t\t\t\t\t\t<\/div>\n\t\t<\/div>\n\t\t\t\t<div class=\"elementor-column elementor-col-33 elementor-inner-column elementor-element elementor-element-2bf4384b\" data-id=\"2bf4384b\" data-element_type=\"column\">\n\t\t\t<div class=\"elementor-widget-wrap elementor-element-populated\">\n\t\t\t\t\t\t\t\t<div class=\"elementor-element elementor-element-374f073e elementor-widget elementor-widget-text-editor\" data-id=\"374f073e\" data-element_type=\"widget\" data-widget_type=\"text-editor.default\">\n\t\t\t\t<div class=\"elementor-widget-container\">\n\t\t\t<style>\/*! elementor - v3.6.6 - 08-06-2022 *\/\n.elementor-widget-text-editor.elementor-drop-cap-view-stacked .elementor-drop-cap{background-color:#818a91;color:#fff}.elementor-widget-text-editor.elementor-drop-cap-view-framed .elementor-drop-cap{color:#818a91;border:3px solid;background-color:transparent}.elementor-widget-text-editor:not(.elementor-drop-cap-view-default) .elementor-drop-cap{margin-top:8px}.elementor-widget-text-editor:not(.elementor-drop-cap-view-default) .elementor-drop-cap-letter{width:1em;height:1em}.elementor-widget-text-editor .elementor-drop-cap{float:left;text-align:center;line-height:1;font-size:50px}.elementor-widget-text-editor .elementor-drop-cap-letter{display:inline-block}<\/style>\t\t\t\t<blockquote><p><strong>\u201cIn such a fervent city like Montemayor, monuments that reflect the professed faith of its population during a hundred of years have remained&#8217;. Ntra. Sra. de la Asunci\u00f3n Church and Jes\u00fas Nazareno Chapels, the Vera Cruz, San Jos\u00e9 and San Sebasti\u00e1n, are beautiful role models of the Baroque religious architecture. Sra. de la Asunci\u00f3n y las ermitas de Jes\u00fas Nazareno, la Vera Cruz, San Jos\u00e9 y San Sebasti\u00e1n son ejemplos bell\u00edsimos de la arquitectura religiosa barroca\u201d.<\/strong><\/p><\/blockquote><p>With this selection you will be able to discover the history, curiosities and vestiges, with incalculable value, that are hidden within these constructions. We highly recommend the visit to the most important temples in Montemayor.<\/p>\t\t\t\t\t\t<\/div>\n\t\t\t\t<\/div>\n\t\t\t\t\t<\/div>\n\t\t<\/div>\n\t\t\t\t<div class=\"elementor-column elementor-col-33 elementor-inner-column elementor-element elementor-element-7c4485ed\" data-id=\"7c4485ed\" data-element_type=\"column\">\n\t\t\t<div class=\"elementor-widget-wrap\">\n\t\t\t\t\t\t\t\t\t<\/div>\n\t\t<\/div>\n\t\t\t\t\t\t\t<\/div>\n\t\t<\/section>\n\t\t\t\t<div class=\"elementor-element elementor-element-448baddc elementor-widget elementor-widget-spacer\" data-id=\"448baddc\" data-element_type=\"widget\" data-widget_type=\"spacer.default\">\n\t\t\t\t<div class=\"elementor-widget-container\">\n\t\t\t<style>\/*! elementor - v3.6.6 - 08-06-2022 *\/\n.e-container.e-container--row .elementor-spacer-inner{width:var(--spacer-size)}.e-container.e-container--column .elementor-spacer-inner,.elementor-column .elementor-spacer-inner{height:var(--spacer-size)}<\/style>\t\t<div class=\"elementor-spacer\">\n\t\t\t<div class=\"elementor-spacer-inner\"><\/div>\n\t\t<\/div>\n\t\t\t\t<\/div>\n\t\t\t\t<\/div>\n\t\t\t\t<section class=\"elementor-section elementor-inner-section elementor-element elementor-element-29bb7616 elementor-section-boxed elementor-section-height-default elementor-section-height-default\" data-id=\"29bb7616\" data-element_type=\"section\">\n\t\t\t\t\t\t<div class=\"elementor-container elementor-column-gap-no\">\n\t\t\t\t\t<div class=\"elementor-column elementor-col-33 elementor-inner-column elementor-element elementor-element-5dd34bd2\" data-id=\"5dd34bd2\" data-element_type=\"column\">\n\t\t\t<div class=\"elementor-widget-wrap elementor-element-populated\">\n\t\t\t\t\t\t\t\t<div class=\"elementor-element elementor-element-17b3bbcd jkit-equal-height-disable elementor-widget elementor-widget-jkit_image_box\" data-id=\"17b3bbcd\" data-element_type=\"widget\" data-widget_type=\"jkit_image_box.default\">\n\t\t\t\t<div class=\"elementor-widget-container\">\n\t\t\t<div  class=\"jeg-elementor-kit jkit-image-box style-default elementor-animation-float jeg_module__1_69e5a92b07a8a\" ><a href=\"https:\/\/montemayorturismo.es\/en\/lugares\/nuestra-senora-de-la-asuncion-church\/\" ><div class=\"image-box-header elementor-animation-\"><img src=\"https:\/\/montemayorturismo.es\/wp-content\/uploads\/2022\/08\/Iglesia-de-la-Asuncion-Montemayor-9.jpg\" ><\/div><\/a><div class=\"image-box-body\">\n            <div class=\"body-inner\"><h2 class=\"body-title icon-position-before\">NTRA. SRA. DE LA ASUNCI\u00d3N PARISH<\/h2>\n                <p class=\"body-description\"><p>A three main nave temple, raised during the 16th Century (Renaissance period). In the center of Montemayor.<\/p><\/p>\n                <div class=\"body-button\"><\/div>\n                <div class=\"border-bottom left\"><\/div>\n            <\/div>\n        <\/div><\/div>\t\t<\/div>\n\t\t\t\t<\/div>\n\t\t\t\t\t<\/div>\n\t\t<\/div>\n\t\t\t\t<div class=\"elementor-column elementor-col-33 elementor-inner-column elementor-element elementor-element-2cec46e9\" data-id=\"2cec46e9\" data-element_type=\"column\">\n\t\t\t<div class=\"elementor-widget-wrap elementor-element-populated\">\n\t\t\t\t\t\t\t\t<div class=\"elementor-element elementor-element-58b9e959 jkit-equal-height-disable elementor-widget elementor-widget-jkit_image_box\" data-id=\"58b9e959\" data-element_type=\"widget\" data-widget_type=\"jkit_image_box.default\">\n\t\t\t\t<div class=\"elementor-widget-container\">\n\t\t\t<div  class=\"jeg-elementor-kit jkit-image-box style-default elementor-animation-float jeg_module__2_69e5a92b09880\" ><a href=\"https:\/\/montemayorturismo.es\/en\/lugares\/hermitage-of-jesus-nazareno\/\" ><div class=\"image-box-header elementor-animation-\"><img src=\"https:\/\/montemayorturismo.es\/wp-content\/uploads\/2022\/08\/Ermita-Jesus-Nazareno-Montemayor-1.jpg\" ><\/div><\/a><div class=\"image-box-body\">\n            <div class=\"body-inner\"><h2 class=\"body-title icon-position-before\">JES\u00daS NAZARENO SHRINE<\/h2>\n                <p class=\"body-description\"><p>Build in 1610, located next to Iglesia Parroquial. This monuments hides a great treasure inside. Ermita que encierra un gran tesoro en su interior.<\/p><\/p>\n                <div class=\"body-button\"><\/div>\n                <div class=\"border-bottom left\"><\/div>\n            <\/div>\n        <\/div><\/div>\t\t<\/div>\n\t\t\t\t<\/div>\n\t\t\t\t\t<\/div>\n\t\t<\/div>\n\t\t\t\t<div class=\"elementor-column elementor-col-33 elementor-inner-column elementor-element elementor-element-39cb86b\" data-id=\"39cb86b\" data-element_type=\"column\">\n\t\t\t<div class=\"elementor-widget-wrap elementor-element-populated\">\n\t\t\t\t\t\t\t\t<div class=\"elementor-element elementor-element-cb857d4 jkit-equal-height-disable elementor-widget elementor-widget-jkit_image_box\" data-id=\"cb857d4\" data-element_type=\"widget\" data-widget_type=\"jkit_image_box.default\">\n\t\t\t\t<div class=\"elementor-widget-container\">\n\t\t\t<div  class=\"jeg-elementor-kit jkit-image-box style-default elementor-animation-float jeg_module__3_69e5a92b0b58d\" ><a href=\"https:\/\/montemayorturismo.es\/en\/lugares\/saint-sebastian-hermitage\/\" ><div class=\"image-box-header elementor-animation-\"><img src=\"https:\/\/montemayorturismo.es\/wp-content\/uploads\/2022\/08\/Ermita-de-San-Jose-Montemayor-5.jpg\" ><\/div><\/a><div class=\"image-box-body\">\n            <div class=\"body-inner\"><h2 class=\"body-title icon-position-before\">SAN JOS\u00c9 SHRINE<\/h2>\n                <p class=\"body-description\"><p>Far from the city centre we can fin it. A shrine with traditional Mudejar architecture. Ermita modelo de la tradicional arquitectura mud\u00e9jar<\/p><\/p>\n                <div class=\"body-button\"><\/div>\n                <div class=\"border-bottom left\"><\/div>\n            <\/div>\n        <\/div><\/div>\t\t<\/div>\n\t\t\t\t<\/div>\n\t\t\t\t\t<\/div>\n\t\t<\/div>\n\t\t\t\t\t\t\t<\/div>\n\t\t<\/section>\n\t\t\t\t<section class=\"elementor-section elementor-inner-section elementor-element elementor-element-455d6d32 elementor-section-boxed elementor-section-height-default elementor-section-height-default\" data-id=\"455d6d32\" data-element_type=\"section\">\n\t\t\t\t\t\t<div class=\"elementor-container elementor-column-gap-no\">\n\t\t\t\t\t<div class=\"elementor-column elementor-col-50 elementor-inner-column elementor-element elementor-element-6d508562\" data-id=\"6d508562\" data-element_type=\"column\">\n\t\t\t<div class=\"elementor-widget-wrap elementor-element-populated\">\n\t\t\t\t\t\t\t\t<div class=\"elementor-element elementor-element-a05959f jkit-equal-height-disable elementor-widget elementor-widget-jkit_image_box\" data-id=\"a05959f\" data-element_type=\"widget\" data-widget_type=\"jkit_image_box.default\">\n\t\t\t\t<div class=\"elementor-widget-container\">\n\t\t\t<div  class=\"jeg-elementor-kit jkit-image-box style-default elementor-animation-float jeg_module__4_69e5a92b0d7f3\" ><a href=\"https:\/\/montemayorturismo.es\/en\/lugares\/saint-joseph-hermitage\/\" ><div class=\"image-box-header elementor-animation-\"><img src=\"https:\/\/montemayorturismo.es\/wp-content\/uploads\/2022\/08\/Emita-de-San-Sebastian-Montemayor-5.jpg\" ><\/div><\/a><div class=\"image-box-body\">\n            <div class=\"body-inner\"><h2 class=\"body-title icon-position-before\">SAN SEBASTI\u00c1N SHRINE<\/h2>\n                <p class=\"body-description\"><p>Probably, build during the 16th Century, small sized, it is located within Montemayor's city centre.<\/p><\/p>\n                <div class=\"body-button\"><\/div>\n                <div class=\"border-bottom left\"><\/div>\n            <\/div>\n        <\/div><\/div>\t\t<\/div>\n\t\t\t\t<\/div>\n\t\t\t\t\t<\/div>\n\t\t<\/div>\n\t\t\t\t<div class=\"elementor-column elementor-col-50 elementor-inner-column elementor-element elementor-element-2b42505 elementor-hidden-tablet\" data-id=\"2b42505\" data-element_type=\"column\">\n\t\t\t<div class=\"elementor-widget-wrap elementor-element-populated\">\n\t\t\t\t\t\t\t\t<div class=\"elementor-element elementor-element-f4b9dd5 jkit-equal-height-disable elementor-widget elementor-widget-jkit_image_box\" data-id=\"f4b9dd5\" data-element_type=\"widget\" data-widget_type=\"jkit_image_box.default\">\n\t\t\t\t<div class=\"elementor-widget-container\">\n\t\t\t<div  class=\"jeg-elementor-kit jkit-image-box style-default elementor-animation-float jeg_module__5_69e5a92b0f3da\" ><a href=\"https:\/\/montemayorturismo.es\/en\/lugares\/vera-cruz-hermitage\/\" ><div class=\"image-box-header elementor-animation-\"><img src=\"https:\/\/montemayorturismo.es\/wp-content\/uploads\/2022\/08\/Iglesia-de-la-Vera-Cruz-10.jpg\" ><\/div><\/a><div class=\"image-box-body\">\n            <div class=\"body-inner\"><h2 class=\"body-title icon-position-before\">VERA CRUZ SHRINE<\/h2>\n                <p class=\"body-description\"><p>Located north of the village's original entraces, this church was primitively build during the second part of the 16th Century.<\/p><\/p>\n                <div class=\"body-button\"><\/div>\n                <div class=\"border-bottom left\"><\/div>\n            <\/div>\n        <\/div><\/div>\t\t<\/div>\n\t\t\t\t<\/div>\n\t\t\t\t\t<\/div>\n\t\t<\/div>\n\t\t\t\t\t\t\t<\/div>\n\t\t<\/section>\n\t\t\t\t\t<\/div>\n\t\t<\/div>\n\t\t\t\t\t\t\t<\/div>\n\t\t<\/section>\n\t\t\t\t<section class=\"elementor-section elementor-top-section elementor-element elementor-element-cf771c4 elementor-section-boxed elementor-section-height-default elementor-section-height-default\" data-id=\"cf771c4\" data-element_type=\"section\">\n\t\t\t\t\t\t<div class=\"elementor-container elementor-column-gap-default\">\n\t\t\t\t\t<div class=\"elementor-column elementor-col-100 elementor-top-column elementor-element elementor-element-93c8e22\" data-id=\"93c8e22\" data-element_type=\"column\">\n\t\t\t<div class=\"elementor-widget-wrap elementor-element-populated\">\n\t\t\t\t\t\t\t\t<div class=\"elementor-element elementor-element-6ac7cb2 elementor-widget elementor-widget-image\" data-id=\"6ac7cb2\" data-element_type=\"widget\" data-widget_type=\"image.default\">\n\t\t\t\t<div class=\"elementor-widget-container\">\n\t\t\t<style>\/*! elementor - v3.6.6 - 08-06-2022 *\/\n.elementor-widget-image{text-align:center}.elementor-widget-image a{display:inline-block}.elementor-widget-image a img[src$=\".svg\"]{width:48px}.elementor-widget-image img{vertical-align:middle;display:inline-block}<\/style>\t\t\t\t\t\t\t\t\t\t\t\t<img src=\"https:\/\/montemayorturismo.es\/wp-content\/uploads\/elementor\/thumbs\/LOGO-MONTEMAYOR-1-pr1ch0gd1txx1s5bne23a2ohg01m8r8q5xenstdf4g.png\" title=\"LOGO MONTEMAYOR\" alt=\"LOGO MONTEMAYOR\" \/>\t\t\t\t\t\t\t\t\t\t\t\t\t\t\t<\/div>\n\t\t\t\t<\/div>\n\t\t\t\t\t<\/div>\n\t\t<\/div>\n\t\t\t\t\t\t\t<\/div>\n\t\t<\/section>\n\t\t\t\t\t\t\t<\/div>\n\t\t","protected":false},"excerpt":{"rendered":"<p>Churches and Chapels in Montemayor (C\u00f3rdoba). \u201cIn such a fervent city like Montemayor, monuments that reflect the professed faith of its population during a hundred of years have remained&#8217;. Ntra. Sra. de la Asunci\u00f3n Church and Jes\u00fas Nazareno Chapels, the Vera Cruz, San Jos\u00e9 and San Sebasti\u00e1n, are beautiful role models of the Baroque religious [&hellip;]<\/p>\n","protected":false},"author":22,"featured_media":3196,"parent":4671,"menu_order":0,"comment_status":"closed","ping_status":"closed","template":"elementor_header_footer","meta":[],"_links":{"self":[{"href":"https:\/\/montemayorturismo.es\/en\/wp-json\/wp\/v2\/pages\/4678\/"}],"collection":[{"href":"https:\/\/montemayorturismo.es\/en\/wp-json\/wp\/v2\/pages\/"}],"about":[{"href":"https:\/\/montemayorturismo.es\/en\/wp-json\/wp\/v2\/types\/page\/"}],"author":[{"embeddable":true,"href":"https:\/\/montemayorturismo.es\/en\/wp-json\/wp\/v2\/users\/22\/"}],"replies":[{"embeddable":true,"href":"https:\/\/montemayorturismo.es\/en\/wp-json\/wp\/v2\/comments\/?post=4678"}],"version-history":[{"count":0,"href":"https:\/\/montemayorturismo.es\/en\/wp-json\/wp\/v2\/pages\/4678\/revisions\/"}],"up":[{"embeddable":true,"href":"https:\/\/montemayorturismo.es\/en\/wp-json\/wp\/v2\/pages\/4671\/"}],"wp:featuredmedia":[{"embeddable":true,"href":"https:\/\/montemayorturismo.es\/en\/wp-json\/wp\/v2\/media\/3196\/"}],"wp:attachment":[{"href":"https:\/\/montemayorturismo.es\/en\/wp-json\/wp\/v2\/media\/?parent=4678"}],"curies":[{"name":"wp","href":"https:\/\/api.w.org\/{rel}","templated":true}]}}